{"id":1707,"date":"2026-03-04T10:16:58","date_gmt":"2026-03-04T10:16:58","guid":{"rendered":"https:\/\/morfus.s54.somospecesvoladores.com\/?page_id=1707"},"modified":"2026-03-04T10:21:50","modified_gmt":"2026-03-04T10:21:50","slug":"declaracion-de-accesibilidad","status":"publish","type":"page","link":"https:\/\/morfus.s54.somospecesvoladores.com\/?page_id=1707","title":{"rendered":"Declaraci\u00f3n de Accesibilidad"},"content":{"rendered":"\t\t<div data-elementor-type=\"wp-page\" data-elementor-id=\"1707\" class=\"elementor elementor-1707\" data-elementor-settings=\"{&quot;ha_cmc_init_switcher&quot;:&quot;no&quot;}\" data-elementor-post-type=\"page\">\n\t\t\t\t<div class=\"elementor-element elementor-element-af59c0b e-flex e-con-boxed e-con e-parent\" data-id=\"af59c0b\" data-element_type=\"container\" data-e-type=\"container\" data-settings=\"{&quot;_ha_eqh_enable&quot;:false}\">\n\t\t\t\t\t<div class=\"e-con-inner\">\n\t\t<div class=\"elementor-element elementor-element-446ccf2 e-con-full e-flex e-con e-child\" data-id=\"446ccf2\" data-element_type=\"container\" data-e-type=\"container\" data-settings=\"{&quot;_ha_eqh_enable&quot;:false}\">\n\t\t\t\t<div class=\"elementor-element elementor-element-50c0f14 elementor-widget-divider--view-line elementor-widget elementor-widget-divider\" data-id=\"50c0f14\" data-element_type=\"widget\" data-e-type=\"widget\" data-widget_type=\"divider.default\">\n\t\t\t\t\t\t\t<div class=\"elementor-divider\">\n\t\t\t<span class=\"elementor-divider-separator\">\n\t\t\t\t\t\t<\/span>\n\t\t<\/div>\n\t\t\t\t\t\t<\/div>\n\t\t\t\t<div class=\"elementor-element elementor-element-cc987b5 elementor-widget elementor-widget-text-editor\" data-id=\"cc987b5\" data-element_type=\"widget\" data-e-type=\"widget\" data-widget_type=\"text-editor.default\">\n\t\t\t\t\t\t\t\t\t<p>Declaraci\u00f3n de accesibilidad de <a href=\"https:\/\/www.morfus.es\/\">www.morfus.es<\/a>\u00a0.<\/p><p><strong>MORFUS EQUIPAMIENTO COMERCIAL S.L.<\/strong> se compromete a garantizar la accesibilidad digital de las personas con discapacidad. Mejoramos continuamente la experiencia de usuario para todos y aplicamos las normas de accesibilidad pertinentes.<\/p><p>Estado de conformidad<br \/>Las Pautas de Accesibilidad al Contenido en la Web (WCAG) definen los requisitos que deben cumplir los dise\u00f1adores y desarrolladores para mejorar la accesibilidad de las personas con discapacidad. Define tres niveles de conformidad: Nivel A, Nivel AA y Nivel AAA.<br \/><strong>MORFUS EQUIPAMIENTO COMERCIAL S.L.<\/strong> se esfuerza constantemente por mejorar la accesibilidad de su sitio web y sus servicios con la convicci\u00f3n de que es nuestra obligaci\u00f3n moral colectiva permitir un uso fluido, accesible y sin trabas a las personas con discapacidad.<br \/>Nuestro objetivo es que todas las p\u00e1ginas y contenidos de <a href=\"http:\/\/www.morfus.es\">www.morfus.es<\/a> sean accesibles, pero es posible que algunos contenidos a\u00fan no cumplan plenamente las normas de accesibilidad m\u00e1s estrictas. Esto puede deberse a dificultades a la hora de identificar la soluci\u00f3n tecnol\u00f3gica m\u00e1s adecuada.<br \/>Podemos revisar esta Declaraci\u00f3n peri\u00f3dicamente para reflejar mejoras o cambios en nuestras pr\u00e1cticas de accesibilidad.<\/p><p>Sugerencias<br \/>Agradecemos sus comentarios sobre la accesibilidad del sitio web de <strong>MORFUS EQUIPAMIENTO COMERCIAL S.L.<\/strong>\u00a0Por favor, h\u00e1ganos saber si encuentra barreras de accesibilidad en nuestro sitio web:<br \/>Correo electr\u00f3nico: <a href=\"mailto:morfus@morfus.es\">morfus@morfus.es<\/a><\/p><p>Intentamos responder a sus comentarios en un plazo de 3 a 5 d\u00edas laborables.<br \/>Esta declaraci\u00f3n fue creada el 4\/3\/2026<\/p>\t\t\t\t\t\t\t\t<\/div>\n\t\t\t\t<\/div>\n\t\t\t\t\t<\/div>\n\t\t\t\t<\/div>\n\t\t\t\t<\/div>\n\t\t","protected":false},"excerpt":{"rendered":"<p>Declaraci\u00f3n de accesibilidad de www.morfus.es\u00a0. MORFUS EQUIPAMIENTO COMERCIAL S.L. se compromete a garantizar la accesibilidad digital de las personas con discapacidad. Mejoramos continuamente la experiencia de usuario para todos y aplicamos las normas de accesibilidad pertinentes. Estado de conformidadLas Pautas de Accesibilidad al Contenido en la Web (WCAG) definen los requisitos que deben cumplir los [&hellip;]<\/p>\n","protected":false},"author":1,"featured_media":0,"parent":0,"menu_order":0,"comment_status":"closed","ping_status":"closed","template":"","meta":{"_joinchat":[],"footnotes":""},"tipo_proyecto":[],"class_list":["post-1707","page","type-page","status-publish","hentry"],"yoast_head":"<!-- This site is optimized with the Yoast SEO plugin v26.7 - https:\/\/yoast.com\/wordpress\/plugins\/seo\/ -->\n<title>Declaraci\u00f3n de Accesibilidad - Morfus<\/title>\n<meta name=\"robots\" content=\"noindex, nofollow\" \/>\n<meta property=\"og:locale\" content=\"es_ES\" \/>\n<meta property=\"og:type\" content=\"article\" \/>\n<meta property=\"og:title\" content=\"Declaraci\u00f3n de Accesibilidad - Morfus\" \/>\n<meta property=\"og:description\" content=\"Declaraci\u00f3n de accesibilidad de www.morfus.es\u00a0. MORFUS EQUIPAMIENTO COMERCIAL S.L. se compromete a garantizar la accesibilidad digital de las personas con discapacidad. Mejoramos continuamente la experiencia de usuario para todos y aplicamos las normas de accesibilidad pertinentes. Estado de conformidadLas Pautas de Accesibilidad al Contenido en la Web (WCAG) definen los requisitos que deben cumplir los [&hellip;]\" \/>\n<meta property=\"og:url\" content=\"https:\/\/morfus.s54.somospecesvoladores.com\/?page_id=1707\" \/>\n<meta property=\"og:site_name\" content=\"Morfus\" \/>\n<meta property=\"article:modified_time\" content=\"2026-03-04T10:21:50+00:00\" \/>\n<meta name=\"twitter:card\" content=\"summary_large_image\" \/>\n<meta name=\"twitter:label1\" content=\"Tiempo de lectura\" \/>\n\t<meta name=\"twitter:data1\" content=\"2 minutos\" \/>\n<script type=\"application\/ld+json\" class=\"yoast-schema-graph\">{\"@context\":\"https:\/\/schema.org\",\"@graph\":[{\"@type\":\"WebPage\",\"@id\":\"https:\/\/morfus.s54.somospecesvoladores.com\/?page_id=1707\",\"url\":\"https:\/\/morfus.s54.somospecesvoladores.com\/?page_id=1707\",\"name\":\"Declaraci\u00f3n de Accesibilidad - Morfus\",\"isPartOf\":{\"@id\":\"https:\/\/morfus.s54.somospecesvoladores.com\/#website\"},\"datePublished\":\"2026-03-04T10:16:58+00:00\",\"dateModified\":\"2026-03-04T10:21:50+00:00\",\"breadcrumb\":{\"@id\":\"https:\/\/morfus.s54.somospecesvoladores.com\/?page_id=1707#breadcrumb\"},\"inLanguage\":\"es\",\"potentialAction\":[{\"@type\":\"ReadAction\",\"target\":[\"https:\/\/morfus.s54.somospecesvoladores.com\/?page_id=1707\"]}]},{\"@type\":\"BreadcrumbList\",\"@id\":\"https:\/\/morfus.s54.somospecesvoladores.com\/?page_id=1707#breadcrumb\",\"itemListElement\":[{\"@type\":\"ListItem\",\"position\":1,\"name\":\"Portada\",\"item\":\"https:\/\/morfus.s54.somospecesvoladores.com\/\"},{\"@type\":\"ListItem\",\"position\":2,\"name\":\"Declaraci\u00f3n de Accesibilidad\"}]},{\"@type\":\"WebSite\",\"@id\":\"https:\/\/morfus.s54.somospecesvoladores.com\/#website\",\"url\":\"https:\/\/morfus.s54.somospecesvoladores.com\/\",\"name\":\"Morfus\",\"description\":\"\",\"publisher\":{\"@id\":\"https:\/\/morfus.s54.somospecesvoladores.com\/#organization\"},\"potentialAction\":[{\"@type\":\"SearchAction\",\"target\":{\"@type\":\"EntryPoint\",\"urlTemplate\":\"https:\/\/morfus.s54.somospecesvoladores.com\/?s={search_term_string}\"},\"query-input\":{\"@type\":\"PropertyValueSpecification\",\"valueRequired\":true,\"valueName\":\"search_term_string\"}}],\"inLanguage\":\"es\"},{\"@type\":\"Organization\",\"@id\":\"https:\/\/morfus.s54.somospecesvoladores.com\/#organization\",\"name\":\"Morfus\",\"url\":\"https:\/\/morfus.s54.somospecesvoladores.com\/\",\"logo\":{\"@type\":\"ImageObject\",\"inLanguage\":\"es\",\"@id\":\"https:\/\/morfus.s54.somospecesvoladores.com\/#\/schema\/logo\/image\/\",\"url\":\"https:\/\/morfus.s54.somospecesvoladores.com\/wp-content\/uploads\/2026\/01\/Logotipo-Morfus.png\",\"contentUrl\":\"https:\/\/morfus.s54.somospecesvoladores.com\/wp-content\/uploads\/2026\/01\/Logotipo-Morfus.png\",\"width\":906,\"height\":386,\"caption\":\"Morfus\"},\"image\":{\"@id\":\"https:\/\/morfus.s54.somospecesvoladores.com\/#\/schema\/logo\/image\/\"}}]}<\/script>\n<!-- \/ Yoast SEO plugin. -->","yoast_head_json":{"title":"Declaraci\u00f3n de Accesibilidad - Morfus","robots":{"index":"noindex","follow":"nofollow"},"og_locale":"es_ES","og_type":"article","og_title":"Declaraci\u00f3n de Accesibilidad - Morfus","og_description":"Declaraci\u00f3n de accesibilidad de www.morfus.es\u00a0. MORFUS EQUIPAMIENTO COMERCIAL S.L. se compromete a garantizar la accesibilidad digital de las personas con discapacidad. Mejoramos continuamente la experiencia de usuario para todos y aplicamos las normas de accesibilidad pertinentes. Estado de conformidadLas Pautas de Accesibilidad al Contenido en la Web (WCAG) definen los requisitos que deben cumplir los [&hellip;]","og_url":"https:\/\/morfus.s54.somospecesvoladores.com\/?page_id=1707","og_site_name":"Morfus","article_modified_time":"2026-03-04T10:21:50+00:00","twitter_card":"summary_large_image","twitter_misc":{"Tiempo de lectura":"2 minutos"},"schema":{"@context":"https:\/\/schema.org","@graph":[{"@type":"WebPage","@id":"https:\/\/morfus.s54.somospecesvoladores.com\/?page_id=1707","url":"https:\/\/morfus.s54.somospecesvoladores.com\/?page_id=1707","name":"Declaraci\u00f3n de Accesibilidad - Morfus","isPartOf":{"@id":"https:\/\/morfus.s54.somospecesvoladores.com\/#website"},"datePublished":"2026-03-04T10:16:58+00:00","dateModified":"2026-03-04T10:21:50+00:00","breadcrumb":{"@id":"https:\/\/morfus.s54.somospecesvoladores.com\/?page_id=1707#breadcrumb"},"inLanguage":"es","potentialAction":[{"@type":"ReadAction","target":["https:\/\/morfus.s54.somospecesvoladores.com\/?page_id=1707"]}]},{"@type":"BreadcrumbList","@id":"https:\/\/morfus.s54.somospecesvoladores.com\/?page_id=1707#breadcrumb","itemListElement":[{"@type":"ListItem","position":1,"name":"Portada","item":"https:\/\/morfus.s54.somospecesvoladores.com\/"},{"@type":"ListItem","position":2,"name":"Declaraci\u00f3n de Accesibilidad"}]},{"@type":"WebSite","@id":"https:\/\/morfus.s54.somospecesvoladores.com\/#website","url":"https:\/\/morfus.s54.somospecesvoladores.com\/","name":"Morfus","description":"","publisher":{"@id":"https:\/\/morfus.s54.somospecesvoladores.com\/#organization"},"potentialAction":[{"@type":"SearchAction","target":{"@type":"EntryPoint","urlTemplate":"https:\/\/morfus.s54.somospecesvoladores.com\/?s={search_term_string}"},"query-input":{"@type":"PropertyValueSpecification","valueRequired":true,"valueName":"search_term_string"}}],"inLanguage":"es"},{"@type":"Organization","@id":"https:\/\/morfus.s54.somospecesvoladores.com\/#organization","name":"Morfus","url":"https:\/\/morfus.s54.somospecesvoladores.com\/","logo":{"@type":"ImageObject","inLanguage":"es","@id":"https:\/\/morfus.s54.somospecesvoladores.com\/#\/schema\/logo\/image\/","url":"https:\/\/morfus.s54.somospecesvoladores.com\/wp-content\/uploads\/2026\/01\/Logotipo-Morfus.png","contentUrl":"https:\/\/morfus.s54.somospecesvoladores.com\/wp-content\/uploads\/2026\/01\/Logotipo-Morfus.png","width":906,"height":386,"caption":"Morfus"},"image":{"@id":"https:\/\/morfus.s54.somospecesvoladores.com\/#\/schema\/logo\/image\/"}}]}},"_links":{"self":[{"href":"https:\/\/morfus.s54.somospecesvoladores.com\/index.php?rest_route=\/wp\/v2\/pages\/1707","targetHints":{"allow":["GET"]}}],"collection":[{"href":"https:\/\/morfus.s54.somospecesvoladores.com\/index.php?rest_route=\/wp\/v2\/pages"}],"about":[{"href":"https:\/\/morfus.s54.somospecesvoladores.com\/index.php?rest_route=\/wp\/v2\/types\/page"}],"author":[{"embeddable":true,"href":"https:\/\/morfus.s54.somospecesvoladores.com\/index.php?rest_route=\/wp\/v2\/users\/1"}],"replies":[{"embeddable":true,"href":"https:\/\/morfus.s54.somospecesvoladores.com\/index.php?rest_route=%2Fwp%2Fv2%2Fcomments&post=1707"}],"version-history":[{"count":0,"href":"https:\/\/morfus.s54.somospecesvoladores.com\/index.php?rest_route=\/wp\/v2\/pages\/1707\/revisions"}],"wp:attachment":[{"href":"https:\/\/morfus.s54.somospecesvoladores.com\/index.php?rest_route=%2Fwp%2Fv2%2Fmedia&parent=1707"}],"wp:term":[{"taxonomy":"tipo_proyecto","embeddable":true,"href":"https:\/\/morfus.s54.somospecesvoladores.com\/index.php?rest_route=%2Fwp%2Fv2%2Ftipo_proyecto&post=1707"}],"curies":[{"name":"wp","href":"https:\/\/api.w.org\/{rel}","templated":true}]}}