{"id":3,"date":"2026-01-15T11:47:02","date_gmt":"2026-01-15T11:47:02","guid":{"rendered":"https:\/\/morfus.s54.somospecesvoladores.com\/?page_id=3"},"modified":"2026-02-27T11:59:32","modified_gmt":"2026-02-27T11:59:32","slug":"politica-de-privacidad","status":"publish","type":"page","link":"https:\/\/morfus.s54.somospecesvoladores.com\/?page_id=3","title":{"rendered":"Pol\u00edtica de privacidad y Protecci\u00f3n de datos"},"content":{"rendered":"\t\t<div data-elementor-type=\"wp-page\" data-elementor-id=\"3\" class=\"elementor elementor-3\" data-elementor-settings=\"{&quot;ha_cmc_init_switcher&quot;:&quot;no&quot;}\" data-elementor-post-type=\"page\">\n\t\t\t\t<div class=\"elementor-element elementor-element-af59c0b e-flex e-con-boxed e-con e-parent\" data-id=\"af59c0b\" data-element_type=\"container\" data-e-type=\"container\" data-settings=\"{&quot;_ha_eqh_enable&quot;:false}\">\n\t\t\t\t\t<div class=\"e-con-inner\">\n\t\t<div class=\"elementor-element elementor-element-446ccf2 e-con-full e-flex e-con e-child\" data-id=\"446ccf2\" data-element_type=\"container\" data-e-type=\"container\" data-settings=\"{&quot;_ha_eqh_enable&quot;:false}\">\n\t\t\t\t<div class=\"elementor-element elementor-element-50c0f14 elementor-widget-divider--view-line elementor-widget elementor-widget-divider\" data-id=\"50c0f14\" data-element_type=\"widget\" data-e-type=\"widget\" data-widget_type=\"divider.default\">\n\t\t\t\t\t\t\t<div class=\"elementor-divider\">\n\t\t\t<span class=\"elementor-divider-separator\">\n\t\t\t\t\t\t<\/span>\n\t\t<\/div>\n\t\t\t\t\t\t<\/div>\n\t\t\t\t<div class=\"elementor-element elementor-element-cc987b5 elementor-widget elementor-widget-text-editor\" data-id=\"cc987b5\" data-element_type=\"widget\" data-e-type=\"widget\" data-widget_type=\"text-editor.default\">\n\t\t\t\t\t\t\t\t\t<p>Siguiendo los principios de licitud, lealtad y transparencia, ponemos a su disposici\u00f3n la presente Pol\u00edtica de Privacidad.<\/p>\n<p><strong>\u00bfQui\u00e9n es el Responsable del tratamiento de sus datos?<\/strong><br \/>RESPONSABLE:\u00a0<strong>MORFUS EQUIPAMIENTO COMERCIAL S.L.<\/strong><br \/>NIF:\u00a0<strong>B86596004<\/strong><br \/>DOMICILIO SOCIAL: C\/ Camelia 3, 28970 Humanes de Madrid, Madrid<br \/>Email:\u00a0<a href=\"mailto:morfus@morfus.es\"><strong>morfus@morfus.es<\/strong><\/a><br \/>Tel\u00e9fono: 911592427<\/p>\n<p><strong>\u00bfCon qu\u00e9 finalidad tratamos sus datos personales?<\/strong><\/p>\n<p>En\u00a0<strong>MORFUS EQUIPAMIENTO COMERCIAL S.L.<\/strong>, dependiendo de la categor\u00eda de interesado de que se trate, tratamos la informaci\u00f3n que nos facilita con las siguientes finalidades:<\/p>\n<ul>\n<li>POTENCIALES CLIENTES: Gestionar la potencial relaci\u00f3n comercial y\/o profesional, gestionar el env\u00edo de informaci\u00f3n solicitada y\/o resolver las consultas planteadas, facilitar ofertas de nuestros servicios y\/o productos de su inter\u00e9s.<\/li>\n<li>CLIENTES: Gestionar la relaci\u00f3n comercial y\/o profesional, facilitar ofertas de nuestros servicios y\/o productos de su inter\u00e9s.<\/li>\n<li>PROVEEDORES: Gestionar la relaci\u00f3n comercial y\/o profesional.<\/li>\n<li>CANDIDATOS: Gestionar el proceso de selecci\u00f3n de personal.<\/li>\n<li>USUARIOS WEB: Gestionar el an\u00e1lisis de sus datos de navegaci\u00f3n.<\/li>\n<\/ul>\n<p><strong>\u00bfCu\u00e1l es la legitimaci\u00f3n para el tratamiento de sus datos?<\/strong><\/p>\n<p>La base legal para el tratamiento de sus datos personales, dependiendo de la categor\u00eda de interesado de que se trate, puede ser:<\/p>\n<p>POTENCIALES CLIENTES:<\/p>\n<p>Art. 6.1.b RGPD: aplicaci\u00f3n, a petici\u00f3n del interesado, de medidas precontractuales (presupuestos, hojas de encargo, ofertas de servicios\u2026).<br \/>Art. 6.1.f RGPD: Inter\u00e9s leg\u00edtimo (enviar informaci\u00f3n solicitada, responder a las consultas planteadas\u2026).<br \/>Art. 6.1.a RGPD: consentimiento del propio interesado (facilitar ofertas de nuestros servicios y\/o productos).<\/p>\n<p>CLIENTES:<\/p>\n<p>Art. 6.1.b RGPD: ejecuci\u00f3n de un contrato en el que el interesado es parte.<br \/>PROVEEDORES: Art. 6.1.b RGPD: ejecuci\u00f3n de un contrato en el que el interesado es parte.<br \/>CANDIDATOS: Art. 6.1.a RGPD: consentimiento del propio interesado.<br \/>USUARIOS WEB: Art. 6.1.a RGPD: consentimiento del propio interesado.<\/p>\n<p>Los datos que le solicitamos son adecuados, pertinentes y estrictamente necesarios y en ning\u00fan caso est\u00e1 obligado a facilit\u00e1rnoslos, pero su no comunicaci\u00f3n podr\u00e1 afectar a la finalidad del servicio o la imposibilidad de prestarlo.<\/p>\n<p><strong>\u00bfPor cu\u00e1nto tiempo conservaremos sus datos personales?<\/strong><\/p>\n<p>Sus datos, ser\u00e1n conservados el tiempo m\u00ednimo necesario para la correcta prestaci\u00f3n del servicio ofrecido as\u00ed como para atender las responsabilidades que se pudieran derivar del mismo y de cualquier otra exigencia legal.<\/p>\n<p><strong>MORFUS EQUIPAMIENTO COMERCIAL S.L.\u00a0<\/strong>no comunicar\u00e1 sus datos a ning\u00fan tercero, salvo que se informe de ello expresamente.<\/p>\n<p>Adicionalmente le informamos que determinados datos, en virtud de la normativa vigente o de la relaci\u00f3n contractual que mantenga con\u00a0<strong>MORFUS EQUIPAMIENTO COMERCIAL S.L.<\/strong>, podr\u00e1n ser comunicados a:<\/p>\n<ul>\n<li>Los bancos y entidades financieras para el cobro de los servicios contratados y\/o productos comprados.<\/li>\n<li>Administraciones p\u00fablicas con competencia en los sectores de la actividad de\u00a0<strong>MORFUS EQUIPAMIENTO COMERCIAL S.L.<\/strong>, cuando as\u00ed lo establezca la normativa vigente.<\/li>\n<\/ul>\n<p><strong>\u00bfA qu\u00e9 destinatarios se comunicar\u00e1n sus datos?<\/strong><br \/>MORFUS EQUIPAMIENTO COMERCIAL S.L. no comunicar\u00e1 sus datos a ning\u00fan tercero, salvo que se informe de ello expresamente.<\/p>\n<p><strong>\u00bfCu\u00e1les son sus derechos cuando nos facilita sus datos?<\/strong><\/p>\n<p>Los derechos de protecci\u00f3n de datos que podr\u00e1n ejercer los interesados, cuando procedan, son:<\/p>\n<ul>\n<li>Derecho a solicitar el acceso a los datos personales relativos al interesado.<\/li>\n<li>Derecho de rectificaci\u00f3n o supresi\u00f3n.<\/li>\n<li>Derecho de oposici\u00f3n.<\/li>\n<li>Derecho a solicitar la limitaci\u00f3n de su tratamiento.<\/li>\n<li>Derecho a la portabilidad de los datos.<\/li>\n<li>Derecho a no ser objeto de decisiones basadas \u00fanicamente en el tratamiento automatizado de datos.<\/li>\n<\/ul>\n<p>Los titulares de los datos personales obtenidos, podr\u00e1n ejercer sus derechos de protecci\u00f3n de datos personales dirigiendo una comunicaci\u00f3n por escrito al domicilio social de\u00a0<strong>MORFUS EQUIPAMIENTO COMERCIAL S.L.\u00a0<\/strong>o al correo electr\u00f3nico habilitado a tal efecto,\u00a0<a href=\"mailto:morfus@morfus.es\"><strong>morfus@morfus.es<\/strong><\/a>.<\/p>\n<p>Modelos, formularios y m\u00e1s informaci\u00f3n disponible sobre sus derechos en la p\u00e1gina web de la autoridad de control nacional, Agencia Espa\u00f1ola de Protecci\u00f3n de Datos, en adelante, AEPD,\u00a0<a href=\"http:\/\/www.aepd.es\/\">www.aepd.es<\/a><\/p>\n<p><strong>\u00bfPuedo retirar el consentimiento?<\/strong><\/p>\n<p>Usted tiene la posibilidad y el derecho a retirar el consentimiento para cualquier finalidad espec\u00edfica otorgada en su momento, sin que ello afecte a la licitud del tratamiento basado en el consentimiento previo a su retirada.<\/p>\n<p><strong>\u00bfD\u00f3nde puedo reclamar en caso de que considere que no se tratan mis datos correctamente?<\/strong><\/p>\n<p>Si alg\u00fan interesado considera que sus datos no son tratados correctamente por\u00a0<strong>MORFUS EQUIPAMIENTO COMERCIAL S.L.\u00a0<\/strong>o que las solicitudes de ejercicio de derechos no han sido atendidas de forma satisfactoria, puede interponer una reclamaci\u00f3n ante a la autoridad de protecci\u00f3n de datos que corresponda, siendo la AEPD la indicada en el territorio nacional,\u00a0<a href=\"http:\/\/www.aepd.es\/\">www.aepd.es<\/a>.<\/p>\n<p><strong>Seguridad y actualizaci\u00f3n de sus datos personales<\/strong><\/p>\n<p>Con el objetivo de salvaguardar la seguridad de sus datos personales, le informamos que ha adoptado todas las medidas de \u00edndole t\u00e9cnica y organizativa necesarias para garantizar la seguridad de los datos personales suministrados. Todo ello para evitar su alteraci\u00f3n, p\u00e9rdida, y\/o tratamientos o accesos no autorizados, tal como exige la normativa, si bien la seguridad absoluta no existe.<\/p>\n<p>Es importante que, para que podamos mantener sus datos personales actualizados, nos informe siempre que se produzca una modificaci\u00f3n de los mismos.<\/p>\n<p><strong>Confidencialidad<\/strong><\/p>\n<p><strong>MORFUS EQUIPAMIENTO COMERCIAL S.L.\u00a0\u00a0<\/strong>le informa que sus datos ser\u00e1n tratados con el m\u00e1ximo celo y confidencialidad por todo el personal que intervenga en cualquiera de las fases del tratamiento. No cederemos ni comunicaremos a ning\u00fan tercero sus datos, excepto en los casos legalmente previstos, o salvo que el interesado nos hubiera autorizado expresamente.<\/p>\t\t\t\t\t\t\t\t<\/div>\n\t\t\t\t<\/div>\n\t\t\t\t\t<\/div>\n\t\t\t\t<\/div>\n\t\t\t\t<\/div>\n\t\t","protected":false},"excerpt":{"rendered":"<p>Siguiendo los principios de licitud, lealtad y transparencia, ponemos a su disposici\u00f3n la presente Pol\u00edtica de Privacidad. \u00bfQui\u00e9n es el Responsable del tratamiento de sus datos?RESPONSABLE:\u00a0MORFUS EQUIPAMIENTO COMERCIAL S.L.NIF:\u00a0B86596004DOMICILIO SOCIAL: C\/ Camelia 3, 28970 Humanes de Madrid, MadridEmail:\u00a0morfus@morfus.esTel\u00e9fono: 911592427 \u00bfCon qu\u00e9 finalidad tratamos sus datos personales? En\u00a0MORFUS EQUIPAMIENTO COMERCIAL S.L., dependiendo de la categor\u00eda de [&hellip;]<\/p>\n","protected":false},"author":1,"featured_media":0,"parent":0,"menu_order":0,"comment_status":"closed","ping_status":"open","template":"","meta":{"_joinchat":[],"footnotes":""},"tipo_proyecto":[],"class_list":["post-3","page","type-page","status-publish","hentry"],"yoast_head":"<!-- This site is optimized with the Yoast SEO plugin v26.7 - https:\/\/yoast.com\/wordpress\/plugins\/seo\/ -->\n<title>Pol\u00edtica de privacidad y Protecci\u00f3n de datos - Morfus<\/title>\n<meta name=\"robots\" content=\"noindex, nofollow\" \/>\n<meta property=\"og:locale\" content=\"es_ES\" \/>\n<meta property=\"og:type\" content=\"article\" \/>\n<meta property=\"og:title\" content=\"Pol\u00edtica de privacidad y Protecci\u00f3n de datos - Morfus\" \/>\n<meta property=\"og:description\" content=\"Siguiendo los principios de licitud, lealtad y transparencia, ponemos a su disposici\u00f3n la presente Pol\u00edtica de Privacidad. \u00bfQui\u00e9n es el Responsable del tratamiento de sus datos?RESPONSABLE:\u00a0MORFUS EQUIPAMIENTO COMERCIAL S.L.NIF:\u00a0B86596004DOMICILIO SOCIAL: C\/ Camelia 3, 28970 Humanes de Madrid, MadridEmail:\u00a0morfus@morfus.esTel\u00e9fono: 911592427 \u00bfCon qu\u00e9 finalidad tratamos sus datos personales? En\u00a0MORFUS EQUIPAMIENTO COMERCIAL S.L., dependiendo de la categor\u00eda de [&hellip;]\" \/>\n<meta property=\"og:url\" content=\"https:\/\/morfus.s54.somospecesvoladores.com\/?page_id=3\" \/>\n<meta property=\"og:site_name\" content=\"Morfus\" \/>\n<meta property=\"article:modified_time\" content=\"2026-02-27T11:59:32+00:00\" \/>\n<meta name=\"twitter:card\" content=\"summary_large_image\" \/>\n<meta name=\"twitter:label1\" content=\"Tiempo de lectura\" \/>\n\t<meta name=\"twitter:data1\" content=\"4 minutos\" \/>\n<script type=\"application\/ld+json\" class=\"yoast-schema-graph\">{\"@context\":\"https:\/\/schema.org\",\"@graph\":[{\"@type\":\"WebPage\",\"@id\":\"https:\/\/morfus.s54.somospecesvoladores.com\/?page_id=3\",\"url\":\"https:\/\/morfus.s54.somospecesvoladores.com\/?page_id=3\",\"name\":\"Pol\u00edtica de privacidad y Protecci\u00f3n de datos - Morfus\",\"isPartOf\":{\"@id\":\"https:\/\/morfus.s54.somospecesvoladores.com\/#website\"},\"datePublished\":\"2026-01-15T11:47:02+00:00\",\"dateModified\":\"2026-02-27T11:59:32+00:00\",\"breadcrumb\":{\"@id\":\"https:\/\/morfus.s54.somospecesvoladores.com\/?page_id=3#breadcrumb\"},\"inLanguage\":\"es\",\"potentialAction\":[{\"@type\":\"ReadAction\",\"target\":[\"https:\/\/morfus.s54.somospecesvoladores.com\/?page_id=3\"]}]},{\"@type\":\"BreadcrumbList\",\"@id\":\"https:\/\/morfus.s54.somospecesvoladores.com\/?page_id=3#breadcrumb\",\"itemListElement\":[{\"@type\":\"ListItem\",\"position\":1,\"name\":\"Portada\",\"item\":\"https:\/\/morfus.s54.somospecesvoladores.com\/\"},{\"@type\":\"ListItem\",\"position\":2,\"name\":\"Pol\u00edtica de privacidad y Protecci\u00f3n de datos\"}]},{\"@type\":\"WebSite\",\"@id\":\"https:\/\/morfus.s54.somospecesvoladores.com\/#website\",\"url\":\"https:\/\/morfus.s54.somospecesvoladores.com\/\",\"name\":\"Morfus\",\"description\":\"\",\"publisher\":{\"@id\":\"https:\/\/morfus.s54.somospecesvoladores.com\/#organization\"},\"potentialAction\":[{\"@type\":\"SearchAction\",\"target\":{\"@type\":\"EntryPoint\",\"urlTemplate\":\"https:\/\/morfus.s54.somospecesvoladores.com\/?s={search_term_string}\"},\"query-input\":{\"@type\":\"PropertyValueSpecification\",\"valueRequired\":true,\"valueName\":\"search_term_string\"}}],\"inLanguage\":\"es\"},{\"@type\":\"Organization\",\"@id\":\"https:\/\/morfus.s54.somospecesvoladores.com\/#organization\",\"name\":\"Morfus\",\"url\":\"https:\/\/morfus.s54.somospecesvoladores.com\/\",\"logo\":{\"@type\":\"ImageObject\",\"inLanguage\":\"es\",\"@id\":\"https:\/\/morfus.s54.somospecesvoladores.com\/#\/schema\/logo\/image\/\",\"url\":\"https:\/\/morfus.s54.somospecesvoladores.com\/wp-content\/uploads\/2026\/01\/Logotipo-Morfus.png\",\"contentUrl\":\"https:\/\/morfus.s54.somospecesvoladores.com\/wp-content\/uploads\/2026\/01\/Logotipo-Morfus.png\",\"width\":906,\"height\":386,\"caption\":\"Morfus\"},\"image\":{\"@id\":\"https:\/\/morfus.s54.somospecesvoladores.com\/#\/schema\/logo\/image\/\"}}]}<\/script>\n<!-- \/ Yoast SEO plugin. -->","yoast_head_json":{"title":"Pol\u00edtica de privacidad y Protecci\u00f3n de datos - Morfus","robots":{"index":"noindex","follow":"nofollow"},"og_locale":"es_ES","og_type":"article","og_title":"Pol\u00edtica de privacidad y Protecci\u00f3n de datos - Morfus","og_description":"Siguiendo los principios de licitud, lealtad y transparencia, ponemos a su disposici\u00f3n la presente Pol\u00edtica de Privacidad. \u00bfQui\u00e9n es el Responsable del tratamiento de sus datos?RESPONSABLE:\u00a0MORFUS EQUIPAMIENTO COMERCIAL S.L.NIF:\u00a0B86596004DOMICILIO SOCIAL: C\/ Camelia 3, 28970 Humanes de Madrid, MadridEmail:\u00a0morfus@morfus.esTel\u00e9fono: 911592427 \u00bfCon qu\u00e9 finalidad tratamos sus datos personales? En\u00a0MORFUS EQUIPAMIENTO COMERCIAL S.L., dependiendo de la categor\u00eda de [&hellip;]","og_url":"https:\/\/morfus.s54.somospecesvoladores.com\/?page_id=3","og_site_name":"Morfus","article_modified_time":"2026-02-27T11:59:32+00:00","twitter_card":"summary_large_image","twitter_misc":{"Tiempo de lectura":"4 minutos"},"schema":{"@context":"https:\/\/schema.org","@graph":[{"@type":"WebPage","@id":"https:\/\/morfus.s54.somospecesvoladores.com\/?page_id=3","url":"https:\/\/morfus.s54.somospecesvoladores.com\/?page_id=3","name":"Pol\u00edtica de privacidad y Protecci\u00f3n de datos - Morfus","isPartOf":{"@id":"https:\/\/morfus.s54.somospecesvoladores.com\/#website"},"datePublished":"2026-01-15T11:47:02+00:00","dateModified":"2026-02-27T11:59:32+00:00","breadcrumb":{"@id":"https:\/\/morfus.s54.somospecesvoladores.com\/?page_id=3#breadcrumb"},"inLanguage":"es","potentialAction":[{"@type":"ReadAction","target":["https:\/\/morfus.s54.somospecesvoladores.com\/?page_id=3"]}]},{"@type":"BreadcrumbList","@id":"https:\/\/morfus.s54.somospecesvoladores.com\/?page_id=3#breadcrumb","itemListElement":[{"@type":"ListItem","position":1,"name":"Portada","item":"https:\/\/morfus.s54.somospecesvoladores.com\/"},{"@type":"ListItem","position":2,"name":"Pol\u00edtica de privacidad y Protecci\u00f3n de datos"}]},{"@type":"WebSite","@id":"https:\/\/morfus.s54.somospecesvoladores.com\/#website","url":"https:\/\/morfus.s54.somospecesvoladores.com\/","name":"Morfus","description":"","publisher":{"@id":"https:\/\/morfus.s54.somospecesvoladores.com\/#organization"},"potentialAction":[{"@type":"SearchAction","target":{"@type":"EntryPoint","urlTemplate":"https:\/\/morfus.s54.somospecesvoladores.com\/?s={search_term_string}"},"query-input":{"@type":"PropertyValueSpecification","valueRequired":true,"valueName":"search_term_string"}}],"inLanguage":"es"},{"@type":"Organization","@id":"https:\/\/morfus.s54.somospecesvoladores.com\/#organization","name":"Morfus","url":"https:\/\/morfus.s54.somospecesvoladores.com\/","logo":{"@type":"ImageObject","inLanguage":"es","@id":"https:\/\/morfus.s54.somospecesvoladores.com\/#\/schema\/logo\/image\/","url":"https:\/\/morfus.s54.somospecesvoladores.com\/wp-content\/uploads\/2026\/01\/Logotipo-Morfus.png","contentUrl":"https:\/\/morfus.s54.somospecesvoladores.com\/wp-content\/uploads\/2026\/01\/Logotipo-Morfus.png","width":906,"height":386,"caption":"Morfus"},"image":{"@id":"https:\/\/morfus.s54.somospecesvoladores.com\/#\/schema\/logo\/image\/"}}]}},"_links":{"self":[{"href":"https:\/\/morfus.s54.somospecesvoladores.com\/index.php?rest_route=\/wp\/v2\/pages\/3","targetHints":{"allow":["GET"]}}],"collection":[{"href":"https:\/\/morfus.s54.somospecesvoladores.com\/index.php?rest_route=\/wp\/v2\/pages"}],"about":[{"href":"https:\/\/morfus.s54.somospecesvoladores.com\/index.php?rest_route=\/wp\/v2\/types\/page"}],"author":[{"embeddable":true,"href":"https:\/\/morfus.s54.somospecesvoladores.com\/index.php?rest_route=\/wp\/v2\/users\/1"}],"replies":[{"embeddable":true,"href":"https:\/\/morfus.s54.somospecesvoladores.com\/index.php?rest_route=%2Fwp%2Fv2%2Fcomments&post=3"}],"version-history":[{"count":0,"href":"https:\/\/morfus.s54.somospecesvoladores.com\/index.php?rest_route=\/wp\/v2\/pages\/3\/revisions"}],"wp:attachment":[{"href":"https:\/\/morfus.s54.somospecesvoladores.com\/index.php?rest_route=%2Fwp%2Fv2%2Fmedia&parent=3"}],"wp:term":[{"taxonomy":"tipo_proyecto","embeddable":true,"href":"https:\/\/morfus.s54.somospecesvoladores.com\/index.php?rest_route=%2Fwp%2Fv2%2Ftipo_proyecto&post=3"}],"curies":[{"name":"wp","href":"https:\/\/api.w.org\/{rel}","templated":true}]}}