{"id":53,"date":"2026-01-15T12:03:34","date_gmt":"2026-01-15T12:03:34","guid":{"rendered":"https:\/\/morfus.s54.somospecesvoladores.com\/?page_id=53"},"modified":"2026-02-27T12:01:27","modified_gmt":"2026-02-27T12:01:27","slug":"aviso-legal","status":"publish","type":"page","link":"https:\/\/morfus.s54.somospecesvoladores.com\/?page_id=53","title":{"rendered":"Aviso Legal"},"content":{"rendered":"\t\t<div data-elementor-type=\"wp-page\" data-elementor-id=\"53\" class=\"elementor elementor-53\" data-elementor-settings=\"{&quot;ha_cmc_init_switcher&quot;:&quot;no&quot;}\" data-elementor-post-type=\"page\">\n\t\t\t\t<div class=\"elementor-element elementor-element-3e0b859c e-flex e-con-boxed e-con e-parent\" data-id=\"3e0b859c\" data-element_type=\"container\" data-e-type=\"container\" id=\"toc\" data-settings=\"{&quot;_ha_eqh_enable&quot;:false}\">\n\t\t\t\t\t<div class=\"e-con-inner\">\n\t\t<div class=\"elementor-element elementor-element-19a86e78 e-con-full e-flex e-con e-child\" data-id=\"19a86e78\" data-element_type=\"container\" data-e-type=\"container\" data-settings=\"{&quot;_ha_eqh_enable&quot;:false}\">\n\t\t\t\t<div class=\"elementor-element elementor-element-2fa7bffe elementor-widget__width-inherit animated-slow elementor-invisible elementor-widget elementor-widget-heading\" data-id=\"2fa7bffe\" data-element_type=\"widget\" data-e-type=\"widget\" data-settings=\"{&quot;_animation&quot;:&quot;slideInRight&quot;,&quot;_animation_mobile&quot;:&quot;zoomIn&quot;,&quot;_animation_delay&quot;:500}\" data-widget_type=\"heading.default\">\n\t\t\t\t\t<h1 class=\"elementor-heading-title elementor-size-default\">Aviso Legal<\/h1>\t\t\t\t<\/div>\n\t\t\t\t<div class=\"elementor-element elementor-element-7d27af56 elementor-widget-divider--view-line elementor-widget elementor-widget-divider\" data-id=\"7d27af56\" data-element_type=\"widget\" data-e-type=\"widget\" data-widget_type=\"divider.default\">\n\t\t\t\t\t\t\t<div class=\"elementor-divider\">\n\t\t\t<span class=\"elementor-divider-separator\">\n\t\t\t\t\t\t<\/span>\n\t\t<\/div>\n\t\t\t\t\t\t<\/div>\n\t\t\t\t<div class=\"elementor-element elementor-element-31a17e8 elementor-widget elementor-widget-text-editor\" data-id=\"31a17e8\" data-element_type=\"widget\" data-e-type=\"widget\" data-widget_type=\"text-editor.default\">\n\t\t\t\t\t\t\t\t\t<p><strong>1. Datos identificativos:\u00a0\u00a0<\/strong><\/p><p>Esta p\u00e1gina web pertenece a\u00a0<strong>MORFUS EQUIPAMIENTO COMERCIAL S.L<\/strong>, con domicilio en\u00a0<a href=\"https:\/\/maps.app.goo.gl\/sNhzpXCmcPG3qnea8\">Calle Camelia, N\u00ba3, 28970 Humanes de Madrid ( Madrid)\u00a0<\/a>\u00a0y con CIF\/NIF 86596004. Puedes ponerte en contacto con nosotros a trav\u00e9s del correo electr\u00f3nico\u00a0<a href=\"mailto:morfus@morfus.es\">morfus@morfus.es<\/a>\u00a0o del tel\u00e9fono 91 159 24 27. Con registro mercantil Tomo: 30518 Libro: 0 Folio: 51 Secc.: 8 Hoja: M549249 Inscripci\u00f3n: 1<\/p><p><strong>2. Condiciones de uso:\u00a0<\/strong>\u00a0<\/p><p>El uso de esta web implica la total aceptaci\u00f3n de las condiciones establecidas en el presente aviso legal.\u00a0<strong>MORFUS EQUIPAMIENTO COMERCIAL S.L<\/strong>, se reserva el derecho de modificar el contenido en cualquier momento sin previo aviso.<\/p><p><strong>3. Propiedad intelectual:\u00a0\u00a0<\/strong><\/p><p>Todos los contenidos de esta p\u00e1gina web, incluyendo textos, im\u00e1genes, logos y cualquier otro elemento, son propiedad de\u00a0<strong>MORFUS EQUIPAMIENTO COMERCIAL S.L<\/strong>, y est\u00e1n protegidos por derechos de autor. Queda prohibida su reproducci\u00f3n sin el consentimiento expreso de\u00a0<strong>MORFUS EQUIPAMIENTO COMERCIAL S.L<\/strong>.<\/p><p><strong>4. *Responsabilidad:<\/strong>\u00a0\u00a0<\/p><p><strong>MORFUS EQUIPAMIENTO COMERCIAL S.L<\/strong>, no se responsabiliza del mal uso de la informaci\u00f3n contenida en esta p\u00e1gina web ni de los da\u00f1os que puedan derivarse del acceso a la misma.<\/p><p><strong>5. Protecci\u00f3n de datos:\u00a0\u00a0<\/strong><\/p><p>Los datos personales recopilados a trav\u00e9s de esta web ser\u00e1n tratados conforme a la legislaci\u00f3n vigente. Para m\u00e1s detalles, consulta nuestra\u00a0<a href=\"https:\/\/morfus.s54.somospecesvoladores.com\/?page_id=3\">Pol\u00edtica de Privacidad<\/a>.<\/p><p><strong>6. Pol\u00edtica de cookies:\u00a0\u00a0<\/strong><\/p><p>Esta p\u00e1gina web utiliza cookies para mejorar la experiencia del usuario. Al continuar navegando, aceptas su uso. Consulta nuestra\u00a0<a href=\"https:\/\/morfus.s54.somospecesvoladores.com\/?page_id=1655\">Pol\u00edtica de Cookies<\/a>\u00a0para m\u00e1s informaci\u00f3n.<\/p>\t\t\t\t\t\t\t\t<\/div>\n\t\t\t\t<\/div>\n\t\t\t\t\t<\/div>\n\t\t\t\t<\/div>\n\t\t\t\t<\/div>\n\t\t","protected":false},"excerpt":{"rendered":"<p>Aviso Legal 1. Datos identificativos:\u00a0\u00a0 Esta p\u00e1gina web pertenece a\u00a0MORFUS EQUIPAMIENTO COMERCIAL S.L, con domicilio en\u00a0Calle Camelia, N\u00ba3, 28970 Humanes de Madrid ( Madrid)\u00a0\u00a0y con CIF\/NIF 86596004. Puedes ponerte en contacto con nosotros a trav\u00e9s del correo electr\u00f3nico\u00a0morfus@morfus.es\u00a0o del tel\u00e9fono 91 159 24 27. Con registro mercantil Tomo: 30518 Libro: 0 Folio: 51 Secc.: 8 [&hellip;]<\/p>\n","protected":false},"author":1,"featured_media":0,"parent":0,"menu_order":0,"comment_status":"closed","ping_status":"closed","template":"elementor_header_footer","meta":{"_joinchat":[],"footnotes":""},"tipo_proyecto":[],"class_list":["post-53","page","type-page","status-publish","hentry"],"yoast_head":"<!-- This site is optimized with the Yoast SEO plugin v26.7 - https:\/\/yoast.com\/wordpress\/plugins\/seo\/ -->\n<title>Aviso Legal - Morfus<\/title>\n<meta name=\"robots\" content=\"noindex, nofollow\" \/>\n<meta property=\"og:locale\" content=\"es_ES\" \/>\n<meta property=\"og:type\" content=\"article\" \/>\n<meta property=\"og:title\" content=\"Aviso Legal - Morfus\" \/>\n<meta property=\"og:description\" content=\"Aviso Legal 1. Datos identificativos:\u00a0\u00a0 Esta p\u00e1gina web pertenece a\u00a0MORFUS EQUIPAMIENTO COMERCIAL S.L, con domicilio en\u00a0Calle Camelia, N\u00ba3, 28970 Humanes de Madrid ( Madrid)\u00a0\u00a0y con CIF\/NIF 86596004. Puedes ponerte en contacto con nosotros a trav\u00e9s del correo electr\u00f3nico\u00a0morfus@morfus.es\u00a0o del tel\u00e9fono 91 159 24 27. Con registro mercantil Tomo: 30518 Libro: 0 Folio: 51 Secc.: 8 [&hellip;]\" \/>\n<meta property=\"og:url\" content=\"https:\/\/morfus.s54.somospecesvoladores.com\/?page_id=53\" \/>\n<meta property=\"og:site_name\" content=\"Morfus\" \/>\n<meta property=\"article:modified_time\" content=\"2026-02-27T12:01:27+00:00\" \/>\n<meta name=\"twitter:card\" content=\"summary_large_image\" \/>\n<meta name=\"twitter:label1\" content=\"Tiempo de lectura\" \/>\n\t<meta name=\"twitter:data1\" content=\"2 minutos\" \/>\n<script type=\"application\/ld+json\" class=\"yoast-schema-graph\">{\"@context\":\"https:\/\/schema.org\",\"@graph\":[{\"@type\":\"WebPage\",\"@id\":\"https:\/\/morfus.s54.somospecesvoladores.com\/?page_id=53\",\"url\":\"https:\/\/morfus.s54.somospecesvoladores.com\/?page_id=53\",\"name\":\"Aviso Legal - Morfus\",\"isPartOf\":{\"@id\":\"https:\/\/morfus.s54.somospecesvoladores.com\/#website\"},\"datePublished\":\"2026-01-15T12:03:34+00:00\",\"dateModified\":\"2026-02-27T12:01:27+00:00\",\"breadcrumb\":{\"@id\":\"https:\/\/morfus.s54.somospecesvoladores.com\/?page_id=53#breadcrumb\"},\"inLanguage\":\"es\",\"potentialAction\":[{\"@type\":\"ReadAction\",\"target\":[\"https:\/\/morfus.s54.somospecesvoladores.com\/?page_id=53\"]}]},{\"@type\":\"BreadcrumbList\",\"@id\":\"https:\/\/morfus.s54.somospecesvoladores.com\/?page_id=53#breadcrumb\",\"itemListElement\":[{\"@type\":\"ListItem\",\"position\":1,\"name\":\"Portada\",\"item\":\"https:\/\/morfus.s54.somospecesvoladores.com\/\"},{\"@type\":\"ListItem\",\"position\":2,\"name\":\"Aviso Legal\"}]},{\"@type\":\"WebSite\",\"@id\":\"https:\/\/morfus.s54.somospecesvoladores.com\/#website\",\"url\":\"https:\/\/morfus.s54.somospecesvoladores.com\/\",\"name\":\"Morfus\",\"description\":\"\",\"publisher\":{\"@id\":\"https:\/\/morfus.s54.somospecesvoladores.com\/#organization\"},\"potentialAction\":[{\"@type\":\"SearchAction\",\"target\":{\"@type\":\"EntryPoint\",\"urlTemplate\":\"https:\/\/morfus.s54.somospecesvoladores.com\/?s={search_term_string}\"},\"query-input\":{\"@type\":\"PropertyValueSpecification\",\"valueRequired\":true,\"valueName\":\"search_term_string\"}}],\"inLanguage\":\"es\"},{\"@type\":\"Organization\",\"@id\":\"https:\/\/morfus.s54.somospecesvoladores.com\/#organization\",\"name\":\"Morfus\",\"url\":\"https:\/\/morfus.s54.somospecesvoladores.com\/\",\"logo\":{\"@type\":\"ImageObject\",\"inLanguage\":\"es\",\"@id\":\"https:\/\/morfus.s54.somospecesvoladores.com\/#\/schema\/logo\/image\/\",\"url\":\"https:\/\/morfus.s54.somospecesvoladores.com\/wp-content\/uploads\/2026\/01\/Logotipo-Morfus.png\",\"contentUrl\":\"https:\/\/morfus.s54.somospecesvoladores.com\/wp-content\/uploads\/2026\/01\/Logotipo-Morfus.png\",\"width\":906,\"height\":386,\"caption\":\"Morfus\"},\"image\":{\"@id\":\"https:\/\/morfus.s54.somospecesvoladores.com\/#\/schema\/logo\/image\/\"}}]}<\/script>\n<!-- \/ Yoast SEO plugin. -->","yoast_head_json":{"title":"Aviso Legal - Morfus","robots":{"index":"noindex","follow":"nofollow"},"og_locale":"es_ES","og_type":"article","og_title":"Aviso Legal - Morfus","og_description":"Aviso Legal 1. Datos identificativos:\u00a0\u00a0 Esta p\u00e1gina web pertenece a\u00a0MORFUS EQUIPAMIENTO COMERCIAL S.L, con domicilio en\u00a0Calle Camelia, N\u00ba3, 28970 Humanes de Madrid ( Madrid)\u00a0\u00a0y con CIF\/NIF 86596004. Puedes ponerte en contacto con nosotros a trav\u00e9s del correo electr\u00f3nico\u00a0morfus@morfus.es\u00a0o del tel\u00e9fono 91 159 24 27. Con registro mercantil Tomo: 30518 Libro: 0 Folio: 51 Secc.: 8 [&hellip;]","og_url":"https:\/\/morfus.s54.somospecesvoladores.com\/?page_id=53","og_site_name":"Morfus","article_modified_time":"2026-02-27T12:01:27+00:00","twitter_card":"summary_large_image","twitter_misc":{"Tiempo de lectura":"2 minutos"},"schema":{"@context":"https:\/\/schema.org","@graph":[{"@type":"WebPage","@id":"https:\/\/morfus.s54.somospecesvoladores.com\/?page_id=53","url":"https:\/\/morfus.s54.somospecesvoladores.com\/?page_id=53","name":"Aviso Legal - Morfus","isPartOf":{"@id":"https:\/\/morfus.s54.somospecesvoladores.com\/#website"},"datePublished":"2026-01-15T12:03:34+00:00","dateModified":"2026-02-27T12:01:27+00:00","breadcrumb":{"@id":"https:\/\/morfus.s54.somospecesvoladores.com\/?page_id=53#breadcrumb"},"inLanguage":"es","potentialAction":[{"@type":"ReadAction","target":["https:\/\/morfus.s54.somospecesvoladores.com\/?page_id=53"]}]},{"@type":"BreadcrumbList","@id":"https:\/\/morfus.s54.somospecesvoladores.com\/?page_id=53#breadcrumb","itemListElement":[{"@type":"ListItem","position":1,"name":"Portada","item":"https:\/\/morfus.s54.somospecesvoladores.com\/"},{"@type":"ListItem","position":2,"name":"Aviso Legal"}]},{"@type":"WebSite","@id":"https:\/\/morfus.s54.somospecesvoladores.com\/#website","url":"https:\/\/morfus.s54.somospecesvoladores.com\/","name":"Morfus","description":"","publisher":{"@id":"https:\/\/morfus.s54.somospecesvoladores.com\/#organization"},"potentialAction":[{"@type":"SearchAction","target":{"@type":"EntryPoint","urlTemplate":"https:\/\/morfus.s54.somospecesvoladores.com\/?s={search_term_string}"},"query-input":{"@type":"PropertyValueSpecification","valueRequired":true,"valueName":"search_term_string"}}],"inLanguage":"es"},{"@type":"Organization","@id":"https:\/\/morfus.s54.somospecesvoladores.com\/#organization","name":"Morfus","url":"https:\/\/morfus.s54.somospecesvoladores.com\/","logo":{"@type":"ImageObject","inLanguage":"es","@id":"https:\/\/morfus.s54.somospecesvoladores.com\/#\/schema\/logo\/image\/","url":"https:\/\/morfus.s54.somospecesvoladores.com\/wp-content\/uploads\/2026\/01\/Logotipo-Morfus.png","contentUrl":"https:\/\/morfus.s54.somospecesvoladores.com\/wp-content\/uploads\/2026\/01\/Logotipo-Morfus.png","width":906,"height":386,"caption":"Morfus"},"image":{"@id":"https:\/\/morfus.s54.somospecesvoladores.com\/#\/schema\/logo\/image\/"}}]}},"_links":{"self":[{"href":"https:\/\/morfus.s54.somospecesvoladores.com\/index.php?rest_route=\/wp\/v2\/pages\/53","targetHints":{"allow":["GET"]}}],"collection":[{"href":"https:\/\/morfus.s54.somospecesvoladores.com\/index.php?rest_route=\/wp\/v2\/pages"}],"about":[{"href":"https:\/\/morfus.s54.somospecesvoladores.com\/index.php?rest_route=\/wp\/v2\/types\/page"}],"author":[{"embeddable":true,"href":"https:\/\/morfus.s54.somospecesvoladores.com\/index.php?rest_route=\/wp\/v2\/users\/1"}],"replies":[{"embeddable":true,"href":"https:\/\/morfus.s54.somospecesvoladores.com\/index.php?rest_route=%2Fwp%2Fv2%2Fcomments&post=53"}],"version-history":[{"count":0,"href":"https:\/\/morfus.s54.somospecesvoladores.com\/index.php?rest_route=\/wp\/v2\/pages\/53\/revisions"}],"wp:attachment":[{"href":"https:\/\/morfus.s54.somospecesvoladores.com\/index.php?rest_route=%2Fwp%2Fv2%2Fmedia&parent=53"}],"wp:term":[{"taxonomy":"tipo_proyecto","embeddable":true,"href":"https:\/\/morfus.s54.somospecesvoladores.com\/index.php?rest_route=%2Fwp%2Fv2%2Ftipo_proyecto&post=53"}],"curies":[{"name":"wp","href":"https:\/\/api.w.org\/{rel}","templated":true}]}}